{"id":2896,"date":"2022-05-04T15:06:08","date_gmt":"2022-05-04T13:06:08","guid":{"rendered":"https:\/\/planetrentacar.mk\/?page_id=2896"},"modified":"2022-05-04T15:06:12","modified_gmt":"2022-05-04T13:06:12","slug":"cijene","status":"publish","type":"page","link":"https:\/\/planetrentacar.mk\/tr\/cijene\/","title":{"rendered":"Fiyat"},"content":{"rendered":"<p> <strong><div class=\"car-rental-price-table\">\r\n    <table class=\"price-table\" id=\"items_price_table\">\r\n        <thead>\r\n        <tr class=\"classified-item-table-labels\">\r\n            <th colspan=\"2\" class=\"classified-item-label\">\r\n\t\t\t\tAraba \/ G\u00fcnl\u00fck Fiyat:\r\n            <\/th>\r\n\t\t\t<th class=\"item-price-on-duration\"><span title=\"Periyod\">1-2 G\u00fcnleri<\/span><\/th><th class=\"item-price-on-duration\"><span title=\"Periyod\">3-6 G\u00fcnleri<\/span><\/th><th class=\"item-price-on-duration\"><span title=\"Periyod\">7-10 G\u00fcnleri<\/span><\/th><th class=\"item-price-on-duration\"><span title=\"Periyod\">11-14 G\u00fcnleri<\/span><\/th><th class=\"item-price-on-duration\"><span title=\"Periyod\">15-29 G\u00fcnleri<\/span><\/th><th class=\"item-price-on-duration\"><span title=\"Periyod\">30-365 G\u00fcnleri<\/span><\/th><th class=\"item-price-on-duration\"><span title=\"Periyod\">31-60 G\u00fcnleri<\/span><\/th><th class=\"item-deposit\">Depozit<\/th>        <\/tr>\r\n        <\/thead>\r\n        <tbody>\r\n\t\t<tr><td class=\"item-type-label\" colspan=\"10\">Hatchback<\/td><\/tr><tr class=\"car-rental-price-table-item\"><td class=\"item-image\"><a class=\"fancybox\" href=\"https:\/\/planetrentacar.mk\/wp-content\/uploads\/CarRentalGallery\/citroen-c3-2015.jpg\" title=\"Citroen C3 \"><img decoding=\"async\" src=\"https:\/\/planetrentacar.mk\/wp-content\/uploads\/CarRentalGallery\/mini_thumb_citroen-c3-2015.jpg\" alt=\"Citroen C3 \" \/><\/a><\/td><td class=\"item-description\"><a href=\"https:\/\/planetrentacar.mk\/tr\/cars\/citroen-c3\/\" title=\"Araba A\u00e7\u0131klamalar\u0131n\u0131 G\u00f6ster\"><span class=\"item-name\">Citroen C3<\/span><\/a><br \/>Manuel 6 vites<\/td><td class=\"item-price-on-duration\"><div title=\"&euro; 23,60, Birlikte Uygan\u0131r &euro; 0,0 \u0130ndirim\">24 EUR<\/div><\/td><td class=\"item-price-on-duration\"><div title=\"&euro; 21,24, Birlikte Uygan\u0131r &euro; 2,4 \u0130ndirim\">21 EUR<\/div><\/td><td class=\"item-price-on-duration\"><div title=\"&euro; 20,53, Birlikte Uygan\u0131r &euro; 3,1 \u0130ndirim\">21 EUR<\/div><\/td><td class=\"item-price-on-duration\"><div title=\"&euro; 20,06, Birlikte Uygan\u0131r &euro; 3,5 \u0130ndirim\">20 EUR<\/div><\/td><td class=\"item-price-on-duration\"><div title=\"&euro; 19,35, Birlikte Uygan\u0131r &euro; 4,2 \u0130ndirim\">19 EUR<\/div><\/td><td class=\"item-price-on-duration\"><div title=\"&euro; 19,35, Birlikte Uygan\u0131r &euro; 4,2 \u0130ndirim\">19 EUR<\/div><\/td><td class=\"item-price-on-duration\"><div title=\"&euro; 19,35, Birlikte Uygan\u0131r &euro; 4,2 \u0130ndirim\">19 EUR<\/div><\/td><td class=\"item-deposit\"><strong>100 EUR<\/strong><\/td><\/tr><tr class=\"car-rental-price-table-item\"><td class=\"item-image\"><a class=\"fancybox\" href=\"https:\/\/planetrentacar.mk\/wp-content\/uploads\/CarRentalGallery\/Citroen-C4-2014-white-left.jpg\" title=\"Citroen c4 \"><img decoding=\"async\" src=\"https:\/\/planetrentacar.mk\/wp-content\/uploads\/CarRentalGallery\/mini_thumb_Citroen-C4-2014-white-left.jpg\" alt=\"Citroen c4 \" \/><\/a><\/td><td class=\"item-description\"><a href=\"https:\/\/planetrentacar.mk\/tr\/cars\/citroen-c4\/\" title=\"Araba A\u00e7\u0131klamalar\u0131n\u0131 G\u00f6ster\"><span class=\"item-name\">Citroen c4<\/span><\/a><br \/>Otomatik<\/td><td class=\"item-price-on-duration\"><div title=\"&euro; 35,40, Birlikte Uygan\u0131r &euro; 0,0 \u0130ndirim\">35 EUR<\/div><\/td><td class=\"item-price-on-duration\"><div title=\"&euro; 31,86, Birlikte Uygan\u0131r &euro; 3,5 \u0130ndirim\">32 EUR<\/div><\/td><td class=\"item-price-on-duration\"><div title=\"&euro; 30,80, Birlikte Uygan\u0131r &euro; 4,6 \u0130ndirim\">31 EUR<\/div><\/td><td class=\"item-price-on-duration\"><div title=\"&euro; 30,09, Birlikte Uygan\u0131r &euro; 5,3 \u0130ndirim\">30 EUR<\/div><\/td><td class=\"item-price-on-duration\"><div title=\"&euro; 29,03, Birlikte Uygan\u0131r &euro; 6,4 \u0130ndirim\">29 EUR<\/div><\/td><td class=\"item-price-on-duration\"><div title=\"&euro; 29,03, Birlikte Uygan\u0131r &euro; 6,4 \u0130ndirim\">29 EUR<\/div><\/td><td class=\"item-price-on-duration\"><div title=\"&euro; 29,03, Birlikte Uygan\u0131r &euro; 6,4 \u0130ndirim\">29 EUR<\/div><\/td><td class=\"item-deposit\"><strong>100 EUR<\/strong><\/td><\/tr><tr class=\"car-rental-price-table-item\"><td class=\"item-image\"><a class=\"fancybox\" href=\"https:\/\/planetrentacar.mk\/wp-content\/uploads\/CarRentalGallery\/CLIO-2018.jpg\" title=\"RENAULT Clio \"><img decoding=\"async\" src=\"https:\/\/planetrentacar.mk\/wp-content\/uploads\/CarRentalGallery\/mini_thumb_CLIO-2018.jpg\" alt=\"RENAULT Clio \" \/><\/a><\/td><td class=\"item-description\"><a href=\"https:\/\/planetrentacar.mk\/tr\/cars\/renault-clio-3\/\" title=\"Araba A\u00e7\u0131klamalar\u0131n\u0131 G\u00f6ster\"><span class=\"item-name\">RENAULT Clio<\/span><\/a><br \/>Manuel 6 vites<\/td><td class=\"item-price-on-duration\"><div title=\"&euro; 23,60, Birlikte Uygan\u0131r &euro; 0,0 \u0130ndirim\">24 EUR<\/div><\/td><td class=\"item-price-on-duration\"><div title=\"&euro; 21,24, Birlikte Uygan\u0131r &euro; 2,4 \u0130ndirim\">21 EUR<\/div><\/td><td class=\"item-price-on-duration\"><div title=\"&euro; 20,53, Birlikte Uygan\u0131r &euro; 3,1 \u0130ndirim\">21 EUR<\/div><\/td><td class=\"item-price-on-duration\"><div title=\"&euro; 20,06, Birlikte Uygan\u0131r &euro; 3,5 \u0130ndirim\">20 EUR<\/div><\/td><td class=\"item-price-on-duration\"><div title=\"&euro; 19,35, Birlikte Uygan\u0131r &euro; 4,2 \u0130ndirim\">19 EUR<\/div><\/td><td class=\"item-price-on-duration\"><div title=\"&euro; 19,35, Birlikte Uygan\u0131r &euro; 4,2 \u0130ndirim\">19 EUR<\/div><\/td><td class=\"item-price-on-duration\"><div title=\"&euro; 19,35, Birlikte Uygan\u0131r &euro; 4,2 \u0130ndirim\">19 EUR<\/div><\/td><td class=\"item-deposit\"><strong>100 EUR<\/strong><\/td><\/tr><tr class=\"car-rental-price-table-item\"><td class=\"item-image\"><a class=\"fancybox\" href=\"https:\/\/planetrentacar.mk\/wp-content\/uploads\/CarRentalGallery\/Wallpaper-3-e1418736591236.jpg\" title=\"\u0160KODA Fabia \"><img decoding=\"async\" src=\"https:\/\/planetrentacar.mk\/wp-content\/uploads\/CarRentalGallery\/mini_thumb_Wallpaper-3-e1418736591236.jpg\" alt=\"\u0160KODA Fabia \" \/><\/a><\/td><td class=\"item-description\"><a href=\"https:\/\/planetrentacar.mk\/tr\/cars\/skoda-fabia\/\" title=\"Araba A\u00e7\u0131klamalar\u0131n\u0131 G\u00f6ster\"><span class=\"item-name\">\u0160KODA Fabia<\/span><\/a><br \/>Manuel 6 vites<\/td><td class=\"item-price-on-duration\"><div title=\"&euro; 23,60, Birlikte Uygan\u0131r &euro; 0,0 \u0130ndirim\">24 EUR<\/div><\/td><td class=\"item-price-on-duration\"><div title=\"&euro; 21,24, Birlikte Uygan\u0131r &euro; 2,4 \u0130ndirim\">21 EUR<\/div><\/td><td class=\"item-price-on-duration\"><div title=\"&euro; 20,53, Birlikte Uygan\u0131r &euro; 3,1 \u0130ndirim\">21 EUR<\/div><\/td><td class=\"item-price-on-duration\"><div title=\"&euro; 20,06, Birlikte Uygan\u0131r &euro; 3,5 \u0130ndirim\">20 EUR<\/div><\/td><td class=\"item-price-on-duration\"><div title=\"&euro; 19,35, Birlikte Uygan\u0131r &euro; 4,2 \u0130ndirim\">19 EUR<\/div><\/td><td class=\"item-price-on-duration\"><div title=\"&euro; 19,35, Birlikte Uygan\u0131r &euro; 4,2 \u0130ndirim\">19 EUR<\/div><\/td><td class=\"item-price-on-duration\"><div title=\"&euro; 19,35, Birlikte Uygan\u0131r &euro; 4,2 \u0130ndirim\">19 EUR<\/div><\/td><td class=\"item-deposit\"><strong>100 EUR<\/strong><\/td><\/tr><tr class=\"car-rental-price-table-item\"><td class=\"item-image\"><a class=\"fancybox\" href=\"https:\/\/planetrentacar.mk\/wp-content\/uploads\/CarRentalGallery\/yaris-hybrid.jpg\" title=\"Toyota Yaris hybrid \"><img decoding=\"async\" src=\"https:\/\/planetrentacar.mk\/wp-content\/uploads\/CarRentalGallery\/mini_thumb_yaris-hybrid.jpg\" alt=\"Toyota Yaris hybrid \" \/><\/a><\/td><td class=\"item-description\"><a href=\"https:\/\/planetrentacar.mk\/tr\/cars\/toyota-yaris-hybrid\/\" title=\"Araba A\u00e7\u0131klamalar\u0131n\u0131 G\u00f6ster\"><span class=\"item-name\">Toyota Yaris hybrid<\/span><\/a><br \/>Otomatik<\/td><td class=\"item-price-on-duration\"><div title=\"&euro; 35,40, Birlikte Uygan\u0131r &euro; 0,0 \u0130ndirim\">35 EUR<\/div><\/td><td class=\"item-price-on-duration\"><div title=\"&euro; 31,86, Birlikte Uygan\u0131r &euro; 3,5 \u0130ndirim\">32 EUR<\/div><\/td><td class=\"item-price-on-duration\"><div title=\"&euro; 30,80, Birlikte Uygan\u0131r &euro; 4,6 \u0130ndirim\">31 EUR<\/div><\/td><td class=\"item-price-on-duration\"><div title=\"&euro; 30,09, Birlikte Uygan\u0131r &euro; 5,3 \u0130ndirim\">30 EUR<\/div><\/td><td class=\"item-price-on-duration\"><div title=\"&euro; 29,03, Birlikte Uygan\u0131r &euro; 6,4 \u0130ndirim\">29 EUR<\/div><\/td><td class=\"item-price-on-duration\"><div title=\"&euro; 29,03, Birlikte Uygan\u0131r &euro; 6,4 \u0130ndirim\">29 EUR<\/div><\/td><td class=\"item-price-on-duration\"><div title=\"&euro; 29,03, Birlikte Uygan\u0131r &euro; 6,4 \u0130ndirim\">29 EUR<\/div><\/td><td class=\"item-deposit\"><strong>100 EUR<\/strong><\/td><\/tr><tr><td class=\"item-type-label\" colspan=\"10\">Station Wagon<\/td><\/tr><tr class=\"car-rental-price-table-item\"><td class=\"item-image\"><a class=\"fancybox\" href=\"https:\/\/planetrentacar.mk\/wp-content\/uploads\/CarRentalGallery\/A4-KARAVAN-2010.jpg\" title=\"Audi a4 \"><img decoding=\"async\" src=\"https:\/\/planetrentacar.mk\/wp-content\/uploads\/CarRentalGallery\/mini_thumb_A4-KARAVAN-2010.jpg\" alt=\"Audi a4 \" \/><\/a><\/td><td class=\"item-description\"><a href=\"https:\/\/planetrentacar.mk\/tr\/cars\/audi-a4-5\/\" title=\"Araba A\u00e7\u0131klamalar\u0131n\u0131 G\u00f6ster\"><span class=\"item-name\">Audi a4<\/span><\/a><br \/>Manuel 6 vites<\/td><td class=\"item-price-on-duration\"><div title=\"&euro; 35,40, Birlikte Uygan\u0131r &euro; 0,0 \u0130ndirim\">35 EUR<\/div><\/td><td class=\"item-price-on-duration\"><div title=\"&euro; 31,86, Birlikte Uygan\u0131r &euro; 3,5 \u0130ndirim\">32 EUR<\/div><\/td><td class=\"item-price-on-duration\"><div title=\"&euro; 30,80, Birlikte Uygan\u0131r &euro; 4,6 \u0130ndirim\">31 EUR<\/div><\/td><td class=\"item-price-on-duration\"><div title=\"&euro; 30,09, Birlikte Uygan\u0131r &euro; 5,3 \u0130ndirim\">30 EUR<\/div><\/td><td class=\"item-price-on-duration\"><div title=\"&euro; 29,03, Birlikte Uygan\u0131r &euro; 6,4 \u0130ndirim\">29 EUR<\/div><\/td><td class=\"item-price-on-duration\"><div title=\"&euro; 29,03, Birlikte Uygan\u0131r &euro; 6,4 \u0130ndirim\">29 EUR<\/div><\/td><td class=\"item-price-on-duration\"><div title=\"&euro; 29,03, Birlikte Uygan\u0131r &euro; 6,4 \u0130ndirim\">29 EUR<\/div><\/td><td class=\"item-deposit\"><strong>100 EUR<\/strong><\/td><\/tr><tr class=\"car-rental-price-table-item\"><td class=\"item-image\"><a class=\"fancybox\" href=\"https:\/\/planetrentacar.mk\/wp-content\/uploads\/CarRentalGallery\/skoda-octavia-2012-station-wagon.jpg\" title=\"\u0160KODA Octavia \"><img decoding=\"async\" src=\"https:\/\/planetrentacar.mk\/wp-content\/uploads\/CarRentalGallery\/mini_thumb_skoda-octavia-2012-station-wagon.jpg\" alt=\"\u0160KODA Octavia \" \/><\/a><\/td><td class=\"item-description\"><a href=\"https:\/\/planetrentacar.mk\/tr\/cars\/skoda-octavia\/\" title=\"Araba A\u00e7\u0131klamalar\u0131n\u0131 G\u00f6ster\"><span class=\"item-name\">\u0160KODA Octavia<\/span><\/a><br \/>Manuel 6 vites<\/td><td class=\"item-price-on-duration\"><div title=\"&euro; 35,40, Birlikte Uygan\u0131r &euro; 0,0 \u0130ndirim\">35 EUR<\/div><\/td><td class=\"item-price-on-duration\"><div title=\"&euro; 31,86, Birlikte Uygan\u0131r &euro; 3,5 \u0130ndirim\">32 EUR<\/div><\/td><td class=\"item-price-on-duration\"><div title=\"&euro; 30,80, Birlikte Uygan\u0131r &euro; 4,6 \u0130ndirim\">31 EUR<\/div><\/td><td class=\"item-price-on-duration\"><div title=\"&euro; 30,09, Birlikte Uygan\u0131r &euro; 5,3 \u0130ndirim\">30 EUR<\/div><\/td><td class=\"item-price-on-duration\"><div title=\"&euro; 29,03, Birlikte Uygan\u0131r &euro; 6,4 \u0130ndirim\">29 EUR<\/div><\/td><td class=\"item-price-on-duration\"><div title=\"&euro; 29,03, Birlikte Uygan\u0131r &euro; 6,4 \u0130ndirim\">29 EUR<\/div><\/td><td class=\"item-price-on-duration\"><div title=\"&euro; 29,03, Birlikte Uygan\u0131r &euro; 6,4 \u0130ndirim\">29 EUR<\/div><\/td><td class=\"item-deposit\"><strong>100 EUR<\/strong><\/td><\/tr><tr><td class=\"item-type-label\" colspan=\"10\">SUV<\/td><\/tr><tr class=\"car-rental-price-table-item\"><td class=\"item-image\"><a class=\"fancybox\" href=\"https:\/\/planetrentacar.mk\/wp-content\/uploads\/CarRentalGallery\/2008-peugeot.jpg\" title=\"Peugeot 2008 \"><img decoding=\"async\" src=\"https:\/\/planetrentacar.mk\/wp-content\/uploads\/CarRentalGallery\/mini_thumb_2008-peugeot.jpg\" alt=\"Peugeot 2008 \" \/><\/a><\/td><td class=\"item-description\"><a href=\"https:\/\/planetrentacar.mk\/tr\/cars\/peugeot-2008\/\" title=\"Araba A\u00e7\u0131klamalar\u0131n\u0131 G\u00f6ster\"><span class=\"item-name\">Peugeot 2008<\/span><\/a><br \/>Otomatik<\/td><td class=\"item-price-on-duration\"><div title=\"&euro; 35,40, Birlikte Uygan\u0131r &euro; 0,0 \u0130ndirim\">35 EUR<\/div><\/td><td class=\"item-price-on-duration\"><div title=\"&euro; 31,86, Birlikte Uygan\u0131r &euro; 3,5 \u0130ndirim\">32 EUR<\/div><\/td><td class=\"item-price-on-duration\"><div title=\"&euro; 30,80, Birlikte Uygan\u0131r &euro; 4,6 \u0130ndirim\">31 EUR<\/div><\/td><td class=\"item-price-on-duration\"><div title=\"&euro; 30,09, Birlikte Uygan\u0131r &euro; 5,3 \u0130ndirim\">30 EUR<\/div><\/td><td class=\"item-price-on-duration\"><div title=\"&euro; 29,03, Birlikte Uygan\u0131r &euro; 6,4 \u0130ndirim\">29 EUR<\/div><\/td><td class=\"item-price-on-duration\"><div title=\"&euro; 29,03, Birlikte Uygan\u0131r &euro; 6,4 \u0130ndirim\">29 EUR<\/div><\/td><td class=\"item-price-on-duration\"><div title=\"&euro; 29,03, Birlikte Uygan\u0131r &euro; 6,4 \u0130ndirim\">29 EUR<\/div><\/td><td class=\"item-deposit\"><strong>100 EUR<\/strong><\/td><\/tr>        <\/tbody>\r\n    <\/table>\r\n<\/div>\r\n<script type=\"text\/javascript\">\r\n    jQuery(document).ready(function () {\r\n        jQuery('.fancybox').fancybox();\r\n        draggableTable();\r\n    });\r\n    jQuery(window).resize(function () {\r\n        draggableTable();\r\n    });\r\n\r\n    function draggableTable() {\r\n        var table = jQuery('#items_price_table');\r\n        var mainWidth = jQuery('#main').width();\r\n        if (table.width() > mainWidth) {\r\n            table.draggable({\r\n                axis: 'x',\r\n                revert: true,\r\n                drag: function (event, ui) {\r\n                    ui.position.left = Math.min(0, ui.position.left);\r\n                    ui.position.left = Math.max(mainWidth - table.width(), ui.position.left);\r\n                }\r\n            });\r\n        } else if (table.draggable()) {\r\n            table.draggable(\"destroy\");\r\n        }\r\n    }\r\n<\/script><\/strong> <\/p>","protected":false},"excerpt":{"rendered":"Araba \/ G\u00fcnl\u00fck Fiyat: 1-2 G\u00fcnleri3-6 G\u00fcnleri7-10 G\u00fcnleri11-14 G\u00fcnleri15-29 G\u00fcnleri30-365 G\u00fcnleri31-60 G\u00fcnleriDepozit HatchbackCitroen C3Vites: Manual 5 gears24 EUR21 EUR21 EUR20 EUR19 EUR19 EUR19 EUR100 EURCitroen c4Vites: Automatic35 EUR32 EUR31 EUR30 EUR29 EUR29 EUR29 EUR100 EURRENAULT ClioVites: Manual 5 gears24 EUR21 EUR21 EUR20 EUR19 EUR19 EUR19 EUR100 EUR\u0160KODA FabiaVites: Manual 5 gears24 EUR21 EUR21 EUR20 EUR19 [...]","protected":false},"author":7,"featured_media":0,"parent":0,"menu_order":0,"comment_status":"closed","ping_status":"closed","template":"templates\/page-template-full-width.php","meta":{"footnotes":""},"_links":{"self":[{"href":"https:\/\/planetrentacar.mk\/tr\/wp-json\/wp\/v2\/pages\/2896"}],"collection":[{"href":"https:\/\/planetrentacar.mk\/tr\/wp-json\/wp\/v2\/pages"}],"about":[{"href":"https:\/\/planetrentacar.mk\/tr\/wp-json\/wp\/v2\/types\/page"}],"author":[{"embeddable":true,"href":"https:\/\/planetrentacar.mk\/tr\/wp-json\/wp\/v2\/users\/7"}],"replies":[{"embeddable":true,"href":"https:\/\/planetrentacar.mk\/tr\/wp-json\/wp\/v2\/comments?post=2896"}],"version-history":[{"count":1,"href":"https:\/\/planetrentacar.mk\/tr\/wp-json\/wp\/v2\/pages\/2896\/revisions"}],"predecessor-version":[{"id":2898,"href":"https:\/\/planetrentacar.mk\/tr\/wp-json\/wp\/v2\/pages\/2896\/revisions\/2898"}],"wp:attachment":[{"href":"https:\/\/planetrentacar.mk\/tr\/wp-json\/wp\/v2\/media?parent=2896"}],"curies":[{"name":"wp","href":"https:\/\/api.w.org\/{rel}","templated":true}]}}