{"id":1858,"date":"2015-12-08T05:37:23","date_gmt":"2015-12-08T04:37:23","guid":{"rendered":"http:\/\/188.226.241.135\/rentify\/?page_id=1858"},"modified":"2022-02-14T16:42:39","modified_gmt":"2022-02-14T15:42:39","slug":"pocetna","status":"publish","type":"page","link":"https:\/\/planetrentacar.mk\/tr\/pocetna\/","title":{"rendered":"Home"},"content":{"rendered":"<div class=\"vc_row wpb_row vc_row-fluid vc-slider-bg vc-slider-bg-157825\"><div class=\"wpb_column vc_column_container vc_col-sm-12\"><div class=\"vc_column-inner\"><div class=\"wpb_wrapper\"><form id=\"formElem\" name=\"formElem\" action=\"\" method=\"post\" data-trp-original-action=\"\">\r\n    <div class=\"row search_form_row step1 inline_form\" id=\"search_form\">\r\n        <div class=\"col-xs-12 col-sm-9 col-md-10\">\r\n            <div class=\"row\">\r\n                <div class=\"col-xxs-12 col-xs-6\">\r\n                    <div class=\"row\">\r\n\t\t\t\t\t\t                            <div class=\"col-xs-12 col-lg-6\">\r\n                                <span class=\"hidden-xs hidden-sm hidden-md form_title\">Araban\u0131n Al\u0131naca\u011f\u0131 Konum<\/span>\r\n                                <span class=\"hidden-lg form_title\">Araba al Bilgilendirme<\/span>\r\n\t\t\t\t\t\t\t\t                                    <select name=\"pickup_location_id\" class=\"form-control pickup-location home-select\">\r\n\t\t\t\t\t\t\t\t\t\t<option value=\"0\" selected=\"selected\">Araban\u0131n Al\u0131naca\u011f\u0131 \u015fehir ve Konum:<\/option><option value=\"7\">1. Skoplje-Airport (SKP)<\/option><option value=\"10\">2. Skoplje - dostava na adresu<\/option><option value=\"2\">3. Podgorica - Bulevar Veljka Vlahovica 16 (office lokacija)<\/option><option value=\"5\">4. Podgorica-Airport TGD<\/option><option value=\"3\">5. Podgorica-Dostava na adresu<\/option><option value=\"4\">6. Crna Gora-Dostava u svim gradovima CG<\/option><option value=\"6\">7. Tivat - airport (TIV) - Tivat<\/option><option value=\"8\">8. Tirana-Airport (TIA)<\/option><option value=\"9\">9. Sarajevo-Airport (SJJ)<\/option>                                    <\/select>\r\n\t\t\t\t\t\t\t\t                            <\/div>\r\n\t\t\t\t\t\t\t\t\t\t\t\t                            <div class=\"col-xs-12 col-lg-6\">\r\n                                <span class=\"hidden-xs hidden-sm hidden-md form_title\">Araba Al\u0131\u015f Tarihi<\/span>\r\n                                <div class=\"row\">\r\n                                    <div class=\"col-xs-7 col-md-6 date top_margin-md\">\r\n\t\t\t\t\t\t\t\t\t\t                                            <input type=\"text\" name=\"pickup_date\"\r\n                                                   value=\"Tarih:\"\r\n                                                   placeholder=\"Tarih:\"\r\n                                                   class=\"pickup-date\"\r\n                                                   readonly=\"readonly\" autocomplete=\"off\"\/>\r\n\t\t\t\t\t\t\t\t\t\t                                    <\/div>\r\n                                    <div class=\"col-xs-5 col-md-6 time top_margin-md\">\r\n\t\t\t\t\t\t\t\t\t\t                                            <select class=\"hidden\" id=\"pickup_time_select\">\r\n\t\t\t\t\t\t\t\t\t\t\t\t<option value=\"00:00:00\">00:00<\/option><option value=\"00:30:00\">00:30<\/option><option value=\"01:00:00\">01:00<\/option><option value=\"01:30:00\">01:30<\/option><option value=\"02:00:00\">02:00<\/option><option value=\"02:30:00\">02:30<\/option><option value=\"03:00:00\">03:00<\/option><option value=\"03:30:00\">03:30<\/option><option value=\"04:00:00\">04:00<\/option><option value=\"04:30:00\">04:30<\/option><option value=\"05:00:00\">05:00<\/option><option value=\"05:30:00\">05:30<\/option><option value=\"06:00:00\">06:00<\/option><option value=\"06:30:00\">06:30<\/option><option value=\"07:00:00\">07:00<\/option><option value=\"07:30:00\">07:30<\/option><option value=\"08:00:00\">08:00<\/option><option value=\"08:30:00\">08:30<\/option><option value=\"09:00:00\">09:00<\/option><option value=\"09:30:00\">09:30<\/option><option value=\"10:00:00\">10:00<\/option><option value=\"10:30:00\">10:30<\/option><option value=\"11:00:00\">11:00<\/option><option value=\"11:30:00\">11:30<\/option><option value=\"12:00:00\" selected=\"selected\">12:00<\/option><option value=\"12:30:00\">12:30<\/option><option value=\"13:00:00\">13:00<\/option><option value=\"13:30:00\">13:30<\/option><option value=\"14:00:00\">14:00<\/option><option value=\"14:30:00\">14:30<\/option><option value=\"15:00:00\">15:00<\/option><option value=\"15:30:00\">15:30<\/option><option value=\"16:00:00\">16:00<\/option><option value=\"16:30:00\">16:30<\/option><option value=\"17:00:00\">17:00<\/option><option value=\"17:30:00\">17:30<\/option><option value=\"18:00:00\">18:00<\/option><option value=\"18:30:00\">18:30<\/option><option value=\"19:00:00\">19:00<\/option><option value=\"19:30:00\">19:30<\/option><option value=\"20:00:00\">20:00<\/option><option value=\"20:30:00\">20:30<\/option><option value=\"21:00:00\">21:00<\/option><option value=\"21:30:00\">21:30<\/option><option value=\"22:00:00\">22:00<\/option><option value=\"22:30:00\">22:30<\/option><option value=\"23:00:00\">23:00<\/option><option value=\"23:30:00\">23:30<\/option>                                            <\/select>\r\n                                            <input type=\"text\" class=\"pickup-time\" readonly>\r\n                                            <input type=\"hidden\" name=\"pickup_time\" id=\"pickup_time\" value=\"\">\r\n\t\t\t\t\t\t\t\t\t\t                                    <\/div>\r\n                                <\/div>\r\n                            <\/div>\r\n\t\t\t\t\t\t                    <\/div>\r\n                <\/div>\r\n                <div class=\"col-xxs-12 col-xs-6\">\r\n                    <div class=\"row\">\r\n\t\t\t\t\t\t                            <div class=\"col-xxs-12 col-xs-12 col-lg-6\">\r\n                                <span class=\"hidden-xs hidden-sm hidden-md form_title\">Ara\u00e7 Al\u0131\u015f Noktas\u0131<\/span>\r\n                                <span class=\"hidden-lg form_title\">Araba B\u0131rak Bilgilendirme<\/span>\r\n\t\t\t\t\t\t\t\t\t\t\t\t\t\t\t\t\t                                        <select name=\"return_location_id\"\r\n                                                class=\"form-control return-location home-select\">\r\n\t\t\t\t\t\t\t\t\t\t\t<option value=\"0\" selected=\"selected\">Araban\u0131n B\u0131rak\u0131laca\u011f\u0131 \u015fhir ve Konum:<\/option><option value=\"7\">1. Skoplje-Airport (SKP)<\/option><option value=\"10\">2. Skoplje - dostava na adresu<\/option><option value=\"2\">3. Podgorica - Bulevar Veljka Vlahovica 16 (office lokacija)<\/option><option value=\"5\">4. Podgorica-Airport TGD<\/option><option value=\"3\">5. Podgorica-Dostava na adresu<\/option><option value=\"4\">6. Crna Gora-Dostava u svim gradovima CG<\/option><option value=\"6\">7. Tivat - airport (TIV) - Tivat<\/option><option value=\"8\">8. Tirana-Airport (TIA)<\/option><option value=\"9\">9. Sarajevo-Airport (SJJ)<\/option>                                        <\/select>\r\n\t\t\t\t\t\t\t\t\t\t\t\t\t\t\t\t\t                            <\/div>\r\n\t\t\t\t\t\t\t\t\t\t\t\t                            <div class=\"col-xxs-12 col-xs-12 col-lg-6\">\r\n                                <span class=\"hidden-xs hidden-sm hidden-md form_title\">Drop-Off Date<\/span>\r\n                                <div class=\"row\">\r\n\t\t\t\t\t\t\t\t\t                                        <div class=\"col-xs-7 col-md-6 date top_margin-md\">\r\n\t\t\t\t\t\t\t\t\t\t\t                                                <input type=\"text\" name=\"return_date\" class=\"return-date\"\r\n                                                       value=\"Tarih:\"\r\n                                                       placeholder=\"Tarih:\"\r\n                                                       readonly=\"readonly\" autocomplete=\"off\"\/>\r\n\t\t\t\t\t\t\t\t\t\t\t                                        <\/div>\r\n                                        <div class=\"col-xs-5 col-md-6 time top_margin-md\">\r\n\t\t\t\t\t\t\t\t\t\t\t                                                <select class=\"hidden\" id=\"return_time_select\">\r\n\t\t\t\t\t\t\t\t\t\t\t\t\t<option value=\"00:00:00\">00:00<\/option><option value=\"00:30:00\">00:30<\/option><option value=\"01:00:00\">01:00<\/option><option value=\"01:30:00\">01:30<\/option><option value=\"02:00:00\">02:00<\/option><option value=\"02:30:00\">02:30<\/option><option value=\"03:00:00\">03:00<\/option><option value=\"03:30:00\">03:30<\/option><option value=\"04:00:00\">04:00<\/option><option value=\"04:30:00\">04:30<\/option><option value=\"05:00:00\">05:00<\/option><option value=\"05:30:00\">05:30<\/option><option value=\"06:00:00\">06:00<\/option><option value=\"06:30:00\">06:30<\/option><option value=\"07:00:00\">07:00<\/option><option value=\"07:30:00\">07:30<\/option><option value=\"08:00:00\">08:00<\/option><option value=\"08:30:00\">08:30<\/option><option value=\"09:00:00\">09:00<\/option><option value=\"09:30:00\">09:30<\/option><option value=\"10:00:00\">10:00<\/option><option value=\"10:30:00\">10:30<\/option><option value=\"11:00:00\">11:00<\/option><option value=\"11:30:00\">11:30<\/option><option value=\"12:00:00\" selected=\"selected\">12:00<\/option><option value=\"12:30:00\">12:30<\/option><option value=\"13:00:00\">13:00<\/option><option value=\"13:30:00\">13:30<\/option><option value=\"14:00:00\">14:00<\/option><option value=\"14:30:00\">14:30<\/option><option value=\"15:00:00\">15:00<\/option><option value=\"15:30:00\">15:30<\/option><option value=\"16:00:00\">16:00<\/option><option value=\"16:30:00\">16:30<\/option><option value=\"17:00:00\">17:00<\/option><option value=\"17:30:00\">17:30<\/option><option value=\"18:00:00\">18:00<\/option><option value=\"18:30:00\">18:30<\/option><option value=\"19:00:00\">19:00<\/option><option value=\"19:30:00\">19:30<\/option><option value=\"20:00:00\">20:00<\/option><option value=\"20:30:00\">20:30<\/option><option value=\"21:00:00\">21:00<\/option><option value=\"21:30:00\">21:30<\/option><option value=\"22:00:00\">22:00<\/option><option value=\"22:30:00\">22:30<\/option><option value=\"23:00:00\">23:00<\/option><option value=\"23:30:00\">23:30<\/option>                                                <\/select>\r\n                                                <input type=\"text\" class=\"return-time\" readonly>\r\n                                                <input type=\"hidden\" name=\"return_time\" id=\"return_time\" value=\"\">\r\n\t\t\t\t\t\t\t\t\t\t\t                                        <\/div>\r\n\t\t\t\t\t\t\t\t\t                                <\/div>\r\n                            <\/div>\r\n\t\t\t\t\t\t                    <\/div>\r\n                <\/div>\r\n            <\/div>\r\n\t\t\t                <div class=\"row\">\r\n                    <div class=\"col-xs-12 form-small-buttons\">\r\n\t\t\t\t\t\t                            <button type=\"button\" class=\"btn btn-xs\" onclick=\"showHideRow(this)\" data-id=\"filters\">\r\n                                <i class=\"fas fa-angle-down\"><\/i> Filteri                            <\/button>\r\n\t\t\t\t\t\t\t\t\t\t\t\t                    <\/div>\r\n                <\/div>\r\n                <div class=\"row\">\r\n\t\t\t\t\t\t\t\t\t\t\t\t\t\t\t                        <div class=\"col-xxs-12 col-xs-6 col-sm-6 col-md-3 filters soft-hide\">\r\n\t\t\t\t\t\t\t<span class=\"form_title\">Filteri<\/span>\t\t\t\t\t\t\t                                <select name=\"body_type_id\" class=\"form-control body-type\">\r\n\t\t\t\t\t\t\t\t\t<option value=\"-1\" selected=\"selected\">S\u0131n\u0131f:<\/option><option value=\"1\">ALL<\/option><option value=\"5\">Hatchback<\/option><option value=\"4\">Sedan<\/option><option value=\"7\">Station Wagon<\/option><option value=\"3\">SUV<\/option><option value=\"2\">\u00c7evrilebilir<\/option><option value=\"8\">Luxury<\/option><option value=\"9\">Compact MPV<\/option><option value=\"6\">Minivan<\/option><option value=\"11\">Bikes<\/option><option value=\"10\">Motorcycles<\/option><option value=\"12\">Camper<\/option><option value=\"13\">\u0160lepa, Car Towing<\/option>                                <\/select>\r\n\t\t\t\t\t\t\t                        <\/div>\r\n\t\t\t\t\t\t\t\t\t\t                        <div class=\"col-xxs-12 col-xs-6 col-sm-6 col-md-3 filters soft-hide\">\r\n\t\t\t\t\t\t\t\t\t\t\t\t\t\t                                <select name=\"transmission_type_id\" class=\"form-control transmission-type\">\r\n\t\t\t\t\t\t\t\t\t<option value=\"-1\" selected=\"selected\">Vites:<\/option><option value=\"1\">Otomatik<\/option><option value=\"2\">Manuel 5 vites<\/option><option value=\"3\">Manuel 6 vites<\/option>                                <\/select>\r\n\t\t\t\t\t\t\t                        <\/div>\r\n\t\t\t\t\t\t\t\t\t\t                        <div class=\"col-xxs-12 col-xs-6 col-sm-6 col-md-3 filters soft-hide\">\r\n\t\t\t\t\t\t\t\t\t\t\t\t\t\t                                <select name=\"fuel_type_id\" class=\"form-control fuel-type\">\r\n\t\t\t\t\t\t\t\t\t<option value=\"-1\" selected=\"selected\">Yak\u0131t:<\/option><option value=\"1\">Dizel<\/option><option value=\"2\">Benzin<\/option><option value=\"3\">Petrol\/hybrid<\/option>                                <\/select>\r\n\t\t\t\t\t\t\t                        <\/div>\r\n\t\t\t\t\t\t\t\t\t\t                <\/div>\r\n\t\t\t        <\/div>\r\n        <div class=\"col-xs-12 col-sm-3 col-md-2 crs-form-submit\">\r\n            <input type=\"hidden\" name=\"car_rental_came_from_step1\" value=\"yes\"\/>\r\n\t\t\t\t\t\t\t<input type=\"submit\" name=\"car_rental_do_search\" value=\"Ara\" class=\"car-rental-do-search md-bigger\" \/>\t\t\t        <\/div>\r\n    <\/div>\r\n<input type=\"hidden\" name=\"trp-form-language\" value=\"tr\"\/><\/form>\r\n<script type=\"text\/javascript\">\r\n    var autoFocus = '1';\r\n    var locationsS2 = '1';\r\n    var durationS2 = '1';\r\n    var priceType = '1';\r\n    var returnLocation = '1';\r\n    var returnDate = '1';\r\n    var NRS_SELECT_BOOKING_DATE_TEXT = 'Tarih:';\r\n\r\n    jQuery(document).ready(function () {\r\n        var options = {};\r\n        options.useDatePicker = '1';\r\n        options.unavailableDates = [];\r\n        options.autoFocus = autoFocus;\r\n        options.timeMode = 'picker';\r\n        options.minimumBookingPeriodInseconds = '900';\r\n        options.nrsDateFormat = 'dd\/mm\/yy';\r\n        options.firstDay = '1';\r\n        options.locationsS2 = locationsS2;\r\n        options.filtersS2 = '1';\r\n        options.durationS2 = durationS2;\r\n        options.priceType = priceType;\r\n        options.returnLocation = returnLocation;\r\n        options.returnDate = returnDate;\r\n        options.minDate = '0';\r\n        options.existingBookingCodeVisible = '';\r\n        options.couponCodeRequired = '';\r\n        options.pickupLocationRequired = '1';\r\n        options.returnLocationRequired = '1';\r\n        options.pickupDateRequired = '1';\r\n        options.returnDateRequired = '1';\r\n        options.timeFormat = 'H:i';\r\n        options.NRS_SELECT_BOOKING_DATE_TEXT = NRS_SELECT_BOOKING_DATE_TEXT;\r\n        options.NRS_I_HAVE_BOOKING_CODE_TEXT = \"Rezervasyon Numaram:\";\r\n        options.NRS_COUPON_CODE_ALERT_TEXT = \"Please enter coupon code!\";\r\n        options.NRS_PICKUP_LOCATION_ALERT_TEXT = \"L\u00fctfen Araba Al\u0131\u015f Konumu Se\u00e7in!\";\r\n        options.NRS_RETURN_LOCATION_ALERT_TEXT = \"L\u00fctfen Arabay\u0131 B\u0131rakaca\u011f\u0131n\u0131z Konumu Se\u00e7in!\";\r\n        options.NRS_PICKUP_DATE_ALERT_TEXT = \"L\u00fctfen Araba Al\u0131\u015f Tarihi Se\u00e7in!\";\r\n        options.NRS_RETURN_DATE_ALERT_TEXT = \"L\u00fctfen Araba B\u0131rak\u0131\u015f Tarihi Se\u00e7in!\";\r\n        options.NRS_BOOKING_PERIOD_ALERT_TEXT = \"L\u00fctfen Rezervasyon S\u00fcresi Se\u00e7in!\";\r\n        options.NRS_MINUTES_TEXT = \"dakikalar\";\r\n        options.NRS_HOURS_TEXT = \"Saatler\";\r\n        options.NRS_ERROR_MINIMUM_NUMBER_OF_NIGHT_SHOULD_NOT_BE_LESS_THAN_TEXT = \"Gece En az Say\u0131dan daha Az olmamal\u0131d\u0131r\";\r\n        options.NRS_ERROR_PLEASE_MODIFY_YOUR_SEARCH_CRITERIA_TEXT = \"L\u00fctfen Arama Ayarlar\u0131n\u0131zda De\u011fi\u015fiklik Yap\u0131n\u0131z\";\r\n        step1.init(options);\r\n    });\r\n    \/\/ Control timepicker closing\r\n    function controlTimeSelectorClosing() {\r\n        if (autoFocus === '1') {\r\n            if (returnLocation) {\r\n                var returnLocationField = jQuery('.return-location');\r\n                if (returnLocationField.val() === '0') {\r\n                    locationsS2 === '1' ? returnLocationField.select2('open') : returnLocationField.focus();\r\n                }\r\n            } else if (returnDate === '1') {\r\n                if (priceType === '2') {\r\n                    var bookingPeriod = jQuery('.booking-period');\r\n                    if (bookingPeriod.val() === '') {\r\n                        durationS2 === '1' ? bookingPeriod.select2('open') : bookingPeriod.focus();\r\n                    }\r\n                } else if (priceType !== '2') {\r\n                    var selectedReturnDate = jQuery('.return-date');\r\n                    if (NRS_SELECT_BOOKING_DATE_TEXT === selectedReturnDate.val() || selectedReturnDate.val() === '') {\r\n                        selectedReturnDate.focus();\r\n                    }\r\n                }\r\n            }\r\n        }\r\n    }\r\n\t<\/script><\/div><\/div><\/div><\/div><div class=\"vc_row wpb_row vc_row-fluid vc-slider-bg vc-slider-bg-908912\"><div class=\"wpb_column vc_column_container vc_col-sm-12\"><div class=\"vc_column-inner\"><div class=\"wpb_wrapper\"><div class=\"car-rental-slider car-rental-loading\">\r\n\t        <div class=\"responsive-cars-slider\">\r\n\t\t\t\t\t\t\t<div class=\"box_shadow single-item-slide\">\r\n\t\t\t\t\t<div class=\"mb-auto\"><div class=\"car-rental-item-image\"><a href=\"https:\/\/planetrentacar.mk\/tr\/cars\/citroen-c3\/\" title=\"Araba Bak\"><img data-lazy=\"https:\/\/planetrentacar.mk\/wp-content\/uploads\/CarRentalGallery\/thumb_citroen-c3-2015.jpg\" title=\"Citroen C3\" alt=\"Citroen C3\"><\/a><\/div><div class=\"car-rental-item-details\"><div class=\"car-rental-slider-bodytype-title\">Hatchback<\/div><div class=\"car-rental-item-title\"><a class=\"primary_color\" href=\"https:\/\/planetrentacar.mk\/tr\/cars\/citroen-c3\/\" title=\"Araba Bak\">Citroen C3<\/a><\/div><\/div><\/div><div class=\"car-rental-price-info mt-auto\"><div class=\"car-rental-item-title underline full-width mb-2\"><\/div><div class=\"car-rental-item-prefix primary_color\">G\u00fcn den Gelen<\/div><div class=\"car-rental-item-price primary_color\">&euro;19<\/div><\/div>                <\/div>\r\n\t\t\t\t\t\t\t<div class=\"box_shadow single-item-slide\">\r\n\t\t\t\t\t<div class=\"mb-auto\"><div class=\"car-rental-item-image\"><a href=\"https:\/\/planetrentacar.mk\/tr\/cars\/renault-clio-3\/\" title=\"Araba Bak\"><img data-lazy=\"https:\/\/planetrentacar.mk\/wp-content\/uploads\/CarRentalGallery\/thumb_CLIO-2018.jpg\" title=\"RENAULT Clio\" alt=\"RENAULT Clio\"><\/a><\/div><div class=\"car-rental-item-details\"><div class=\"car-rental-slider-bodytype-title\">Hatchback<\/div><div class=\"car-rental-item-title\"><a class=\"primary_color\" href=\"https:\/\/planetrentacar.mk\/tr\/cars\/renault-clio-3\/\" title=\"Araba Bak\">RENAULT Clio<\/a><\/div><\/div><\/div><div class=\"car-rental-price-info mt-auto\"><div class=\"car-rental-item-title underline full-width mb-2\"><\/div><div class=\"car-rental-item-prefix primary_color\">G\u00fcn den Gelen<\/div><div class=\"car-rental-item-price primary_color\">&euro;19<\/div><\/div>                <\/div>\r\n\t\t\t\t\t\t\t<div class=\"box_shadow single-item-slide\">\r\n\t\t\t\t\t<div class=\"mb-auto\"><div class=\"car-rental-item-image\"><a href=\"https:\/\/planetrentacar.mk\/tr\/cars\/skoda-fabia\/\" title=\"Araba Bak\"><img data-lazy=\"https:\/\/planetrentacar.mk\/wp-content\/uploads\/CarRentalGallery\/thumb_Wallpaper-3-e1418736591236.jpg\" title=\"\u0160KODA Fabia\" alt=\"\u0160KODA Fabia\"><\/a><\/div><div class=\"car-rental-item-details\"><div class=\"car-rental-slider-bodytype-title\">Hatchback<\/div><div class=\"car-rental-item-title\"><a class=\"primary_color\" href=\"https:\/\/planetrentacar.mk\/tr\/cars\/skoda-fabia\/\" title=\"Araba Bak\">\u0160KODA Fabia<\/a><\/div><\/div><\/div><div class=\"car-rental-price-info mt-auto\"><div class=\"car-rental-item-title underline full-width mb-2\"><\/div><div class=\"car-rental-item-prefix primary_color\">G\u00fcn den Gelen<\/div><div class=\"car-rental-item-price primary_color\">&euro;19<\/div><\/div>                <\/div>\r\n\t\t\t\t\t\t\t<div class=\"box_shadow single-item-slide\">\r\n\t\t\t\t\t<div class=\"mb-auto\"><div class=\"car-rental-item-image\"><a href=\"https:\/\/planetrentacar.mk\/tr\/cars\/audi-a4-5\/\" title=\"Araba Bak\"><img data-lazy=\"https:\/\/planetrentacar.mk\/wp-content\/uploads\/CarRentalGallery\/thumb_A4-KARAVAN-2010.jpg\" title=\"Audi a4\" alt=\"Audi a4\"><\/a><\/div><div class=\"car-rental-item-details\"><div class=\"car-rental-slider-bodytype-title\">Station Wagon<\/div><div class=\"car-rental-item-title\"><a class=\"primary_color\" href=\"https:\/\/planetrentacar.mk\/tr\/cars\/audi-a4-5\/\" title=\"Araba Bak\">Audi a4<\/a><\/div><\/div><\/div><div class=\"car-rental-price-info mt-auto\"><div class=\"car-rental-item-title underline full-width mb-2\"><\/div><div class=\"car-rental-item-prefix primary_color\">G\u00fcn den Gelen<\/div><div class=\"car-rental-item-price primary_color\">&euro;29<\/div><\/div>                <\/div>\r\n\t\t\t\t\t\t\t<div class=\"box_shadow single-item-slide\">\r\n\t\t\t\t\t<div class=\"mb-auto\"><div class=\"car-rental-item-image\"><a href=\"https:\/\/planetrentacar.mk\/tr\/cars\/citroen-c4\/\" title=\"Araba Bak\"><img data-lazy=\"https:\/\/planetrentacar.mk\/wp-content\/uploads\/CarRentalGallery\/thumb_Citroen-C4-2014-white-left.jpg\" title=\"Citroen c4\" alt=\"Citroen c4\"><\/a><\/div><div class=\"car-rental-item-details\"><div class=\"car-rental-slider-bodytype-title\">Hatchback<\/div><div class=\"car-rental-item-title\"><a class=\"primary_color\" href=\"https:\/\/planetrentacar.mk\/tr\/cars\/citroen-c4\/\" title=\"Araba Bak\">Citroen c4<\/a><\/div><\/div><\/div><div class=\"car-rental-price-info mt-auto\"><div class=\"car-rental-item-title underline full-width mb-2\"><\/div><div class=\"car-rental-item-prefix primary_color\">G\u00fcn den Gelen<\/div><div class=\"car-rental-item-price primary_color\">&euro;29<\/div><\/div>                <\/div>\r\n\t\t\t\t\t\t\t<div class=\"box_shadow single-item-slide\">\r\n\t\t\t\t\t<div class=\"mb-auto\"><div class=\"car-rental-item-image\"><a href=\"https:\/\/planetrentacar.mk\/tr\/cars\/peugeot-2008\/\" title=\"Araba Bak\"><img data-lazy=\"https:\/\/planetrentacar.mk\/wp-content\/uploads\/CarRentalGallery\/thumb_2008-peugeot.jpg\" title=\"Peugeot 2008\" alt=\"Peugeot 2008\"><\/a><\/div><div class=\"car-rental-item-details\"><div class=\"car-rental-slider-bodytype-title\">SUV<\/div><div class=\"car-rental-item-title\"><a class=\"primary_color\" href=\"https:\/\/planetrentacar.mk\/tr\/cars\/peugeot-2008\/\" title=\"Araba Bak\">Peugeot 2008<\/a><\/div><\/div><\/div><div class=\"car-rental-price-info mt-auto\"><div class=\"car-rental-item-title underline full-width mb-2\"><\/div><div class=\"car-rental-item-prefix primary_color\">G\u00fcn den Gelen<\/div><div class=\"car-rental-item-price primary_color\">&euro;29<\/div><\/div>                <\/div>\r\n\t\t\t\t\t\t\t<div class=\"box_shadow single-item-slide\">\r\n\t\t\t\t\t<div class=\"mb-auto\"><div class=\"car-rental-item-image\"><a href=\"https:\/\/planetrentacar.mk\/tr\/cars\/skoda-octavia\/\" title=\"Araba Bak\"><img data-lazy=\"https:\/\/planetrentacar.mk\/wp-content\/uploads\/CarRentalGallery\/thumb_skoda-octavia-2012-station-wagon.jpg\" title=\"\u0160KODA Octavia\" alt=\"\u0160KODA Octavia\"><\/a><\/div><div class=\"car-rental-item-details\"><div class=\"car-rental-slider-bodytype-title\">Station Wagon<\/div><div class=\"car-rental-item-title\"><a class=\"primary_color\" href=\"https:\/\/planetrentacar.mk\/tr\/cars\/skoda-octavia\/\" title=\"Araba Bak\">\u0160KODA Octavia<\/a><\/div><\/div><\/div><div class=\"car-rental-price-info mt-auto\"><div class=\"car-rental-item-title underline full-width mb-2\"><\/div><div class=\"car-rental-item-prefix primary_color\">G\u00fcn den Gelen<\/div><div class=\"car-rental-item-price primary_color\">&euro;29<\/div><\/div>                <\/div>\r\n\t\t\t\t\t\t\t<div class=\"box_shadow single-item-slide\">\r\n\t\t\t\t\t<div class=\"mb-auto\"><div class=\"car-rental-item-image\"><a href=\"https:\/\/planetrentacar.mk\/tr\/cars\/toyota-yaris-hybrid\/\" title=\"Araba Bak\"><img data-lazy=\"https:\/\/planetrentacar.mk\/wp-content\/uploads\/CarRentalGallery\/thumb_yaris-hybrid.jpg\" title=\"Toyota Yaris hybrid\" alt=\"Toyota Yaris hybrid\"><\/a><\/div><div class=\"car-rental-item-details\"><div class=\"car-rental-slider-bodytype-title\">Hatchback<\/div><div class=\"car-rental-item-title\"><a class=\"primary_color\" href=\"https:\/\/planetrentacar.mk\/tr\/cars\/toyota-yaris-hybrid\/\" title=\"Araba Bak\">Toyota Yaris hybrid<\/a><\/div><\/div><\/div><div class=\"car-rental-price-info mt-auto\"><div class=\"car-rental-item-title underline full-width mb-2\"><\/div><div class=\"car-rental-item-prefix primary_color\">G\u00fcn den Gelen<\/div><div class=\"car-rental-item-price primary_color\">&euro;29<\/div><\/div>                <\/div>\r\n\t\t\t        <\/div>\r\n\t<\/div><\/div><\/div><\/div><\/div>","protected":false},"excerpt":{"rendered":"Araban\u0131n Al\u0131naca\u011f\u0131 Konum Araba al Bilgilendirme Araban\u0131n Al\u0131naca\u011f\u0131 \u015fehir ve Konum:1. Skoplje-Airport (SKP)2. Skoplje - dostava na adresu3. Podgorica - Bulevar Veljka Vlahovica 16 (office lokacija)4. Podgorica-Airport TGD5. Podgorica-Dostava na adresu6. Crna Gora-Dostava u svim gradovima CG7. Tivat - airport (TIV) - Tivat8. Tirana-Airport (TIA)9. Sarajevo-Airport (SJJ) Araba Al\u0131\u015f Tarihi 00:0000:3001:0001:3002:0002:3003:0003:3004:0004:3005:0005:3006:0006:3007:0007:3008:0008:3009:0009:3010:0010:3011:0011:3012:0012:3013:0013:3014:0014:3015:0015:3016:0016:3017:0017:3018:0018:3019:0019:3020:0020:3021:0021:3022:0022:3023:0023:30 Ara\u00e7 Al\u0131\u015f Noktas\u0131 Araba [...]","protected":false},"author":1,"featured_media":0,"parent":0,"menu_order":10,"comment_status":"closed","ping_status":"closed","template":"templates\/page-template-home.php","meta":{"footnotes":""},"_links":{"self":[{"href":"https:\/\/planetrentacar.mk\/tr\/wp-json\/wp\/v2\/pages\/1858"}],"collection":[{"href":"https:\/\/planetrentacar.mk\/tr\/wp-json\/wp\/v2\/pages"}],"about":[{"href":"https:\/\/planetrentacar.mk\/tr\/wp-json\/wp\/v2\/types\/page"}],"author":[{"embeddable":true,"href":"https:\/\/planetrentacar.mk\/tr\/wp-json\/wp\/v2\/users\/1"}],"replies":[{"embeddable":true,"href":"https:\/\/planetrentacar.mk\/tr\/wp-json\/wp\/v2\/comments?post=1858"}],"version-history":[{"count":4,"href":"https:\/\/planetrentacar.mk\/tr\/wp-json\/wp\/v2\/pages\/1858\/revisions"}],"predecessor-version":[{"id":2708,"href":"https:\/\/planetrentacar.mk\/tr\/wp-json\/wp\/v2\/pages\/1858\/revisions\/2708"}],"wp:attachment":[{"href":"https:\/\/planetrentacar.mk\/tr\/wp-json\/wp\/v2\/media?parent=1858"}],"curies":[{"name":"wp","href":"https:\/\/api.w.org\/{rel}","templated":true}]}}