{"id":442,"date":"2020-05-11T02:02:18","date_gmt":"2020-05-11T00:02:18","guid":{"rendered":"https:\/\/planetrentacar.mk\/?page_id=442"},"modified":"2022-02-11T13:01:36","modified_gmt":"2022-02-11T12:01:36","slug":"izmjeni-rezervaciju","status":"publish","type":"page","link":"https:\/\/planetrentacar.mk\/es\/izmjeni-rezervaciju\/","title":{"rendered":"Editar reserva"},"content":{"rendered":"<p> <\/p>\n\n\n\n<p class=\"has-text-align-center\">Para cambiar una reserva existente, debe ingresar el c\u00f3digo de reserva que recibi\u00f3 por correo electr\u00f3nico en el campo a continuaci\u00f3n. Luego siga las instrucciones.<\/p>\n\n\n\n<p><strong><script type=\"text\/javascript\">\r\n    jQuery(document).ready(function () {\r\n        jQuery('#car_rental_do_search').click(function () {\r\n            var objBookingID = jQuery('#booking_code');\r\n            var bookingCode = \"\";\r\n            if (objBookingID.length) {\r\n                bookingCode = objBookingID.val();\r\n            }\r\n            \/\/alert('bookingID[len]:' + objBookingID.length + ', bookingID[val]:' + bookingID);\r\n\r\n            if (bookingCode != \"\" && bookingCode != \"Tengo un n\u00famero de reserva:\") {\r\n                return true;\r\n            } else {\r\n                alert('Por favor, introduzca el n\u00famero de reserva!');\r\n                return false;\r\n            }\r\n        });\r\n    });\r\n<\/script>\r\n<div class=\"car-rental-search-step1\">\r\n    <form id=\"formElem\" name=\"formElem\" action=\"\" method=\"post\" data-trp-original-action=\"\">\r\n        <div class=\"modify-booking\">\r\n            <div class=\"row\">\r\n                <div class=\"col-xs-12\">\r\n                    <h3>Cambiar&nbsp;reservaci\u00f3n<\/h3>\r\n                <\/div>\r\n            <\/div>\r\n            <div class=\"row\">\r\n                <input type=\"hidden\" name=\"car_rental_came_from_step1\" value=\"yes\"\/>\r\n                <div class=\"col-xxs-12 col-xs-6 col-sm-4 col-md-3 input\">\r\n                    <input id=\"booking_code\" value=\"Tengo un n\u00famero de reserva:\" type=\"text\"\r\n                           name=\"booking_code\"\r\n                           onfocus=\"if(this.value == 'Tengo un n\u00famero de reserva:') {this.value=''}\"\r\n                           onblur=\"if(this.value == ''){this.value ='Tengo un n\u00famero de reserva:'}\"\/>\r\n                <\/div>\r\n                <div class=\"col-xxs-12 col-xs-6 col-sm-4 col-md-3 car-rental-buttons\">\r\n                    <input id=\"car_rental_edit_booking\" type=\"submit\" name=\"car_rental_edit_booking\"\r\n                           value=\"Cambiar reservaci\u00f3n\"\/>\r\n                <\/div>\r\n            <\/div>\r\n        <\/div>\r\n    <input type=\"hidden\" name=\"trp-form-language\" value=\"es\"\/><\/form>\r\n<\/div><\/strong> <\/p>","protected":false},"excerpt":{"rendered":"<p>Para cambiar una reserva existente, debe ingresar el c\u00f3digo de reserva que recibi\u00f3 por correo electr\u00f3nico en el campo a continuaci\u00f3n. Luego siga las instrucciones.<\/p>","protected":false},"author":1,"featured_media":0,"parent":0,"menu_order":0,"comment_status":"closed","ping_status":"closed","template":"templates\/page-template-full-width.php","meta":{"footnotes":""},"_links":{"self":[{"href":"https:\/\/planetrentacar.mk\/es\/wp-json\/wp\/v2\/pages\/442"}],"collection":[{"href":"https:\/\/planetrentacar.mk\/es\/wp-json\/wp\/v2\/pages"}],"about":[{"href":"https:\/\/planetrentacar.mk\/es\/wp-json\/wp\/v2\/types\/page"}],"author":[{"embeddable":true,"href":"https:\/\/planetrentacar.mk\/es\/wp-json\/wp\/v2\/users\/1"}],"replies":[{"embeddable":true,"href":"https:\/\/planetrentacar.mk\/es\/wp-json\/wp\/v2\/comments?post=442"}],"version-history":[{"count":4,"href":"https:\/\/planetrentacar.mk\/es\/wp-json\/wp\/v2\/pages\/442\/revisions"}],"predecessor-version":[{"id":2697,"href":"https:\/\/planetrentacar.mk\/es\/wp-json\/wp\/v2\/pages\/442\/revisions\/2697"}],"wp:attachment":[{"href":"https:\/\/planetrentacar.mk\/es\/wp-json\/wp\/v2\/media?parent=442"}],"curies":[{"name":"wp","href":"https:\/\/api.w.org\/{rel}","templated":true}]}}