{"id":2758,"date":"2022-02-23T15:39:56","date_gmt":"2022-02-23T14:39:56","guid":{"rendered":"https:\/\/planetrentacar.mk\/?page_id=2758"},"modified":"2024-04-07T01:29:28","modified_gmt":"2024-04-06T23:29:28","slug":"cesto-postavljana-pitanja","status":"publish","type":"page","link":"https:\/\/planetrentacar.mk\/es\/cesto-postavljana-pitanja\/","title":{"rendered":"FAQ"},"content":{"rendered":"<div class=\"vc_row wpb_row vc_row-fluid vc-slider-bg vc-slider-bg-268991\"><div class=\"wpb_column vc_column_container vc_col-sm-12\"><div class=\"vc_column-inner\"><div class=\"wpb_wrapper\"><div class=\"vc_empty_space\"   style=\"height: 32px\"><span class=\"vc_empty_space_inner\"><\/span><\/div><h2 style=\"text-align: left;font-family:Abril Fatface;font-weight:400;font-style:normal\" class=\"vc_custom_heading wpb_animate_when_almost_visible wpb_zoomInLeft zoomInLeft\" >Naj\u010de\u0161\u0107a pitanja prije najma<\/h2><div class=\"vc_tta-container\" data-vc-action=\"collapse\"><div class=\"vc_general vc_tta vc_tta-tabs vc_tta-color-grey vc_tta-style-classic vc_tta-shape-rounded vc_tta-spacing-1 vc_tta-tabs-position-left vc_tta-controls-align-left\"><div class=\"vc_tta-tabs-container\"><ul class=\"vc_tta-tabs-list\"><li class=\"vc_tta-tab vc_active\" data-vc-tab><a href=\"#1645627480779-002b51d5-38c8\" data-vc-tabs data-vc-container=\".vc_tta\"><i class=\"vc_tta-icon far fa-question-circle\"><\/i><span class=\"vc_tta-title-text\">\u0160ta je uklju\u010deno u cijenu?<\/span><\/a><\/li><li class=\"vc_tta-tab\" data-vc-tab><a href=\"#1645627480795-6fcf1c4c-d6fb\" data-vc-tabs data-vc-container=\".vc_tta\"><i class=\"vc_tta-icon far fa-question-circle\"><\/i><span class=\"vc_tta-title-text\">Ostali uslovi najma:<\/span><\/a><\/li><li class=\"vc_tta-tab\" data-vc-tab><a href=\"#1645627718801-f3bfa354-b1b8\" data-vc-tabs data-vc-container=\".vc_tta\"><i class=\"vc_tta-icon far fa-question-circle\"><\/i><span class=\"vc_tta-title-text\">Dodatne opcije:<\/span><\/a><\/li><\/ul><\/div><div class=\"vc_tta-panels-container\"><div class=\"vc_tta-panels\"><div class=\"vc_tta-panel vc_active\" id=\"1645627480779-002b51d5-38c8\" data-vc-content=\".vc_tta-panel-body\"><div class=\"vc_tta-panel-heading\"><h4 class=\"vc_tta-panel-title\"><a href=\"#1645627480779-002b51d5-38c8\" data-vc-accordion data-vc-container=\".vc_tta-container\"><i class=\"vc_tta-icon far fa-question-circle\"><\/i><span class=\"vc_tta-title-text\">\u0160ta je uklju\u010deno u cijenu?<\/span><\/a><\/h4><\/div><div class=\"vc_tta-panel-body\">\n\t<div class=\"wpb_text_column wpb_content_element\" >\n\t\t<div class=\"wpb_wrapper\">\n\t\t\t<ul>\n<li style=\"font-weight: 400;\" aria-level=\"1\"><span style=\"font-weight: 400;\">Neograni\u010dena kilometraza na teritoriji Makedonije.<\/span><\/li>\n<li style=\"font-weight: 400;\" aria-level=\"1\"><span style=\"font-weight: 400;\">Regularno auto osiguranje (puna pokrivenost i ukoliko niste krivac u nezgodi).<\/span><\/li>\n<li style=\"font-weight: 400;\" aria-level=\"1\"><span style=\"font-weight: 400;\">Dostava i preuzimanje na aerodromu Skoplje<\/span><\/li>\n<\/ul>\n\n\t\t<\/div>\n\t<\/div>\n<\/div><\/div><div class=\"vc_tta-panel\" id=\"1645627480795-6fcf1c4c-d6fb\" data-vc-content=\".vc_tta-panel-body\"><div class=\"vc_tta-panel-heading\"><h4 class=\"vc_tta-panel-title\"><a href=\"#1645627480795-6fcf1c4c-d6fb\" data-vc-accordion data-vc-container=\".vc_tta-container\"><i class=\"vc_tta-icon far fa-question-circle\"><\/i><span class=\"vc_tta-title-text\">Ostali uslovi najma:<\/span><\/a><\/h4><\/div><div class=\"vc_tta-panel-body\">\n\t<div class=\"wpb_text_column wpb_content_element\" >\n\t\t<div class=\"wpb_wrapper\">\n\t\t\t<ul>\n<li style=\"font-weight: 400;\" aria-level=\"1\"><span style=\"font-weight: 400;\">Depozit iznosi od 100 do 1.000 EUR u zavisnosti od vozila.<\/span><\/li>\n<li style=\"font-weight: 400;\" aria-level=\"1\"><span style=\"font-weight: 400;\">Politika goriva: na koliko se preuzme na toliko se i vrati.<\/span><\/li>\n<li style=\"font-weight: 400;\" aria-level=\"1\"><span style=\"font-weight: 400;\">Dostava i preuzimanje van Skoplja se dodatno napla\u0107uje.<\/span><\/li>\n<li style=\"font-weight: 400;\" aria-level=\"1\"><span style=\"font-weight: 400;\">Dostava i preuzimanje na adresu na teritoriji Skoplja\u00a0 5 EUR.<\/span><\/li>\n<li style=\"font-weight: 400;\" aria-level=\"1\"><span style=\"font-weight: 400;\">Obaveza klijenta je da auto vrati \u010disto, u suprotnom pranje se napla\u0107uje 5EUR<\/span><\/li>\n<li style=\"font-weight: 400;\" aria-level=\"1\"><span style=\"font-weight: 400;\">Za slu\u010daj kada korisnik uzme KASKO osiguranje, u slu\u010daju nezgode obavezan je zapisnik policije. U suprotnom, klijent snosi \u0161tetu.<\/span><\/li>\n<\/ul>\n\n\t\t<\/div>\n\t<\/div>\n<\/div><\/div><div class=\"vc_tta-panel\" id=\"1645627718801-f3bfa354-b1b8\" data-vc-content=\".vc_tta-panel-body\"><div class=\"vc_tta-panel-heading\"><h4 class=\"vc_tta-panel-title\"><a href=\"#1645627718801-f3bfa354-b1b8\" data-vc-accordion data-vc-container=\".vc_tta-container\"><i class=\"vc_tta-icon far fa-question-circle\"><\/i><span class=\"vc_tta-title-text\">Dodatne opcije:<\/span><\/a><\/h4><\/div><div class=\"vc_tta-panel-body\">\n\t<div class=\"wpb_text_column wpb_content_element\" >\n\t\t<div class=\"wpb_wrapper\">\n\t\t\t<ul>\n<li style=\"font-weight: 400;\" aria-level=\"1\"><span style=\"font-weight: 400;\">KASKO osiguranje sa maksimalno 300e u\u010de\u0161\u0107e u \u0161teti,\u00a0 5e &#8211; 15 EUR\u00a0 dan u zavisnosti od vozila.<\/span><\/li>\n<li style=\"font-weight: 400;\" aria-level=\"1\"><span style=\"font-weight: 400;\">Dozvola za izlazak iz zemlje sa zelenim kartonom, 50 EUR<\/span><\/li>\n<li style=\"font-weight: 400;\" aria-level=\"1\"><span style=\"font-weight: 400;\">Internet u vozilu, 5 EUR dan<\/span><\/li>\n<li style=\"font-weight: 400;\" aria-level=\"1\"><span style=\"font-weight: 400;\">Sic za dijete, 3 EUR dan<\/span><\/li>\n<\/ul>\n\n\t\t<\/div>\n\t<\/div>\n<\/div><\/div><\/div><\/div><\/div><\/div><div class=\"vc_empty_space\"   style=\"height: 32px\"><span class=\"vc_empty_space_inner\"><\/span><\/div><\/div><\/div><\/div><\/div>","protected":false},"excerpt":{"rendered":"Naj\u010de\u0161\u0107a pitanja prije najma\u0160ta je uklju\u010deno u cijenu?Ostali uslovi najma:Dodatne opcije:\u0160ta je uklju\u010deno u cijenu? Neograni\u010dena kilometraza na teritoriji Makedonije. Regularno auto osiguranje (puna pokrivenost i ukoliko niste krivac u nezgodi). Dostava i preuzimanje na aerodromu Skoplje Ostali uslovi najma: Depozit iznosi od 100 do 1.000 EUR u zavisnosti od vozila. Politika goriva: na koliko [...]","protected":false},"author":1,"featured_media":0,"parent":0,"menu_order":0,"comment_status":"closed","ping_status":"closed","template":"","meta":{"footnotes":""},"_links":{"self":[{"href":"https:\/\/planetrentacar.mk\/es\/wp-json\/wp\/v2\/pages\/2758"}],"collection":[{"href":"https:\/\/planetrentacar.mk\/es\/wp-json\/wp\/v2\/pages"}],"about":[{"href":"https:\/\/planetrentacar.mk\/es\/wp-json\/wp\/v2\/types\/page"}],"author":[{"embeddable":true,"href":"https:\/\/planetrentacar.mk\/es\/wp-json\/wp\/v2\/users\/1"}],"replies":[{"embeddable":true,"href":"https:\/\/planetrentacar.mk\/es\/wp-json\/wp\/v2\/comments?post=2758"}],"version-history":[{"count":28,"href":"https:\/\/planetrentacar.mk\/es\/wp-json\/wp\/v2\/pages\/2758\/revisions"}],"predecessor-version":[{"id":4071,"href":"https:\/\/planetrentacar.mk\/es\/wp-json\/wp\/v2\/pages\/2758\/revisions\/4071"}],"wp:attachment":[{"href":"https:\/\/planetrentacar.mk\/es\/wp-json\/wp\/v2\/media?parent=2758"}],"curies":[{"name":"wp","href":"https:\/\/api.w.org\/{rel}","templated":true}]}}